{"id":946,"date":"2015-09-16T09:31:17","date_gmt":"2015-09-16T09:31:17","guid":{"rendered":"http:\/\/www.change-act.com\/?page_id=946"},"modified":"2015-09-23T11:20:48","modified_gmt":"2015-09-23T11:20:48","slug":"notre-entreprise","status":"publish","type":"page","link":"https:\/\/www.change-act.com\/fr\/notre-entreprise\/","title":{"rendered":"NOTRE ENTREPRISE"},"content":{"rendered":"<p><img fetchpriority=\"high\" decoding=\"async\" class=\"alignnone size-medium wp-image-571\" src=\"http:\/\/www.change-act.com\/wp-content\/uploads\/2015\/04\/ag-1140x500.png\" alt=\"ag\" width=\"1140\" height=\"500\" \/><\/p>\n<hr \/>\n<p>&nbsp;<\/p>\n<p>Change ACT est une soci\u00e9t\u00e9 d\u2019audit et de conseil (consulting) offrant de la formation et des services de coaching. Notre entreprise est sp\u00e9cialis\u00e9e dans la gestion de la qualit\u00e9, dans la s\u00e9curit\u00e9 alimentaire, dans l\u2019am\u00e9lioration des op\u00e9rations et dans le d\u00e9veloppement des ressources humaines.<\/p>\n<p>Notre mission est de vous accompagner dans le d\u00e9veloppement du potentiel et des comp\u00e9tences de votre entreprise.<\/p>\n<h4>NOS VALEURS<\/h4>\n<p>Nos valeurs nous d\u00e9finissent. Elles sont les fondements m\u00eames de notre culture d\u2019entreprise et elles d\u00e9terminent, au quotidien, la fa\u00e7on dont nous faisons notre travail.<\/p>\n<p>Nos valeurs sont centr\u00e9es sur:<\/p>\n<p><span style=\"color: #bf2e1a;\"><b>La satisfaction du client<\/b><\/span><\/p>\n<p>Dans chacun de ses projets, Change ACT vise \u00e0 \u00e9couter et \u00e0 comprendre les attentes du client et \u00e0 d\u00e9terminer les besoins de l&#8217;entreprise \u00e0 travers l\u2019immersion. Cette \u00e9tape permet ensuite de d\u00e9ployer une strat\u00e9gie efficace et appropri\u00e9e. Nous accompagnons nos clients pendant chaque \u00e9tape de ce processus &#8211; de la cr\u00e9ation d&#8217;un projet jusqu\u2019au suivi r\u00e9gulier, sans oublier l&#8217;\u00e9valuation des r\u00e9sultats \u00e0 court et \u00e0 long terme.<\/p>\n<p><span style=\"color: #bf2e1a;\"><b>La confiance<\/b><\/span><\/p>\n<p>La confiance mutuelle est essentielle pour le bon fonctionnement et pour la gestion globale de nos projets.<\/p>\n<p><span style=\"color: #bf2e1a;\"><b>L&#8217;\u00e9thique et l&#8217;int\u00e9grit\u00e9<\/b><\/span><\/p>\n<p>Les services que nous proposons respectent les normes professionnelles les plus \u00e9lev\u00e9es ainsi que la confidentialit\u00e9 des projets.<\/p>\n<p>Nous visons l&#8217;am\u00e9lioration continue de nos services et nous sommes, en permanence, \u00e0 la recherche d\u2019options pour ajouter de la valeur \u00e0 chacune des phases comprises dans les projets \u00e9labor\u00e9s en consultation avec nos clients.<\/p>","protected":false},"excerpt":{"rendered":"<p>&nbsp; Change ACT est une soci\u00e9t\u00e9 d\u2019audit et de conseil (consulting) offrant de la formation et des services de coaching. Notre entreprise est sp\u00e9cialis\u00e9e dans la gestion de la qualit\u00e9, [&hellip;]<\/p>","protected":false},"author":1,"featured_media":0,"parent":0,"menu_order":0,"comment_status":"open","ping_status":"open","template":"","meta":{"footnotes":""},"class_list":["post-946","page","type-page","status-publish","hentry"],"acf":[],"_links":{"self":[{"href":"https:\/\/www.change-act.com\/fr\/wp-json\/wp\/v2\/pages\/946","targetHints":{"allow":["GET"]}}],"collection":[{"href":"https:\/\/www.change-act.com\/fr\/wp-json\/wp\/v2\/pages"}],"about":[{"href":"https:\/\/www.change-act.com\/fr\/wp-json\/wp\/v2\/types\/page"}],"author":[{"embeddable":true,"href":"https:\/\/www.change-act.com\/fr\/wp-json\/wp\/v2\/users\/1"}],"replies":[{"embeddable":true,"href":"https:\/\/www.change-act.com\/fr\/wp-json\/wp\/v2\/comments?post=946"}],"version-history":[{"count":3,"href":"https:\/\/www.change-act.com\/fr\/wp-json\/wp\/v2\/pages\/946\/revisions"}],"predecessor-version":[{"id":1141,"href":"https:\/\/www.change-act.com\/fr\/wp-json\/wp\/v2\/pages\/946\/revisions\/1141"}],"wp:attachment":[{"href":"https:\/\/www.change-act.com\/fr\/wp-json\/wp\/v2\/media?parent=946"}],"curies":[{"name":"wp","href":"https:\/\/api.w.org\/{rel}","templated":true}]}}